{"id":8028,"date":"2018-12-10T03:06:47","date_gmt":"2018-12-10T03:06:47","guid":{"rendered":"http:\/\/travelhotel.wpengine.com\/?page_id=8028"},"modified":"2025-07-30T22:44:05","modified_gmt":"2025-07-30T22:44:05","slug":"about-us","status":"publish","type":"page","link":"https:\/\/megavoyage.net\/pl\/o-nas\/","title":{"rendered":"O nas"},"content":{"rendered":"<div data-elementor-type=\"wp-page\" data-elementor-id=\"8028\" class=\"elementor elementor-8028\" data-elementor-post-type=\"page\">\n\t\t\t\t<div class=\"elementor-element elementor-element-57e872f3 e-flex e-con-boxed e-con e-parent\" data-id=\"57e872f3\" data-element_type=\"container\" data-e-type=\"container\">\n\t\t\t\t\t<div class=\"e-con-inner\">\n\t\t<div class=\"elementor-element elementor-element-17312758 e-con-full e-flex e-con e-child\" data-id=\"17312758\" data-element_type=\"container\" data-e-type=\"container\">\n\t\t\t\t<div class=\"elementor-element elementor-element-7cc88e70 elementor-widget elementor-widget-image\" data-id=\"7cc88e70\" data-element_type=\"widget\" data-e-type=\"widget\" data-widget_type=\"image.default\">\n\t\t\t\t<div class=\"elementor-widget-container\">\n\t\t\t\t\t\t\t\t\t\t\t\t\t\t\t<img fetchpriority=\"high\" decoding=\"async\" width=\"388\" height=\"402\" src=\"https:\/\/megavoyage.net\/wp-content\/uploads\/2018\/12\/MEGA-VOYAGE-4-e1753911449212.png\" class=\"attachment-full size-full wp-image-11804\" alt=\"megawyprawa\" srcset=\"https:\/\/megavoyage.net\/wp-content\/uploads\/2018\/12\/MEGA-VOYAGE-4-e1753911449212.png 388w, https:\/\/megavoyage.net\/wp-content\/uploads\/2018\/12\/MEGA-VOYAGE-4-e1753911449212-768x795.png 768w\" sizes=\"(max-width: 388px) 100vw, 388px\" \/>\t\t\t\t\t\t\t\t\t\t\t\t\t\t\t<\/div>\n\t\t\t\t<\/div>\n\t\t\t\t<\/div>\n\t\t<div class=\"elementor-element elementor-element-5b98eca8 e-con-full e-flex e-con e-child\" data-id=\"5b98eca8\" data-element_type=\"container\" data-e-type=\"container\">\n\t\t\t\t<div class=\"elementor-element elementor-element-10b11407 elementor-widget elementor-widget-heading\" data-id=\"10b11407\" data-element_type=\"widget\" data-e-type=\"widget\" data-widget_type=\"heading.default\">\n\t\t\t\t<div class=\"elementor-widget-container\">\n\t\t\t\t\t<h2 class=\"elementor-heading-title elementor-size-default\">O nas<\/h2>\t\t\t\t<\/div>\n\t\t\t\t<\/div>\n\t\t\t\t<div class=\"elementor-element elementor-element-235d4aa0 elementor-widget elementor-widget-text-editor\" data-id=\"235d4aa0\" data-element_type=\"widget\" data-e-type=\"widget\" data-widget_type=\"text-editor.default\">\n\t\t\t\t<div class=\"elementor-widget-container\">\n\t\t\t\t\t\t\t\t\t<p style=\"text-align: center;\" data-start=\"130\" data-end=\"469\"><strong>Ka\u017cda wielka podr\u00f3\u017c zaczyna si\u0119 od marzenia - marzenia o odkrywaniu, odkrywaniu, poczuciu \u017cycia. W Mega Voyage to marzenie le\u017cy u podstaw wszystkiego, co robimy. To, co zacz\u0119\u0142o si\u0119 jako ma\u0142y zesp\u00f3\u0142 zapalonych odkrywc\u00f3w z mi\u0142o\u015bci\u0105 do zapieraj\u0105cych dech w piersiach krajobraz\u00f3w Egiptu, sta\u0142o si\u0119 zaufanym towarzyszem podr\u00f3\u017cy dla poszukiwaczy przyg\u00f3d z ca\u0142ego \u015bwiata.<\/strong><\/p><p style=\"text-align: center;\" data-start=\"471\" data-end=\"880\"><strong>Od z\u0142otych piask\u00f3w pustynnych szlak\u00f3w po turkusowe fale Morza Czerwonego, nasz\u0105 misj\u0105 jest tworzenie czego\u015b wi\u0119cej ni\u017c tylko wycieczek - tworzymy niezapomniane historie, kt\u00f3re b\u0119dziesz opowiada\u0107 przez ca\u0142e \u017cycie. Niezale\u017cnie od tego, czy \u017ceglujesz w blasku zachodz\u0105cego s\u0142o\u0144ca, je\u017adzisz quadem po dzikich szlakach Marsa Alam, czy stoisz w zachwycie przed staro\u017cytnymi cudami, kt\u00f3re szepcz\u0105 opowie\u015bci o historii, Mega Voyage zamienia chwile we wspomnienia.<\/strong><\/p>\t\t\t\t\t\t\t\t<\/div>\n\t\t\t\t<\/div>\n\t\t\t\t<\/div>\n\t\t\t\t\t<\/div>\n\t\t\t\t<\/div>\n\t\t\t\t<section class=\"elementor-section elementor-top-section elementor-element elementor-element-1ea2c4ae elementor-section-boxed elementor-section-height-default elementor-section-height-default\" data-id=\"1ea2c4ae\" data-element_type=\"section\" data-e-type=\"section\">\n\t\t\t\t\t\t<div class=\"elementor-container elementor-column-gap-default\">\n\t\t\t\t\t<div class=\"elementor-column elementor-col-50 elementor-top-column elementor-element elementor-element-72bd8c63\" data-id=\"72bd8c63\" data-element_type=\"column\" data-e-type=\"column\">\n\t\t\t<div class=\"elementor-widget-wrap elementor-element-populated\">\n\t\t\t\t\t\t<div class=\"elementor-element elementor-element-7a2a4669 elementor-widget elementor-widget-image\" data-id=\"7a2a4669\" data-element_type=\"widget\" data-e-type=\"widget\" data-widget_type=\"image.default\">\n\t\t\t\t<div class=\"elementor-widget-container\">\n\t\t\t\t\t\t\t\t\t\t\t\t\t\t\t<img decoding=\"async\" width=\"700\" height=\"534\" src=\"https:\/\/megavoyage.net\/wp-content\/uploads\/2025\/07\/2024-03-24-66000540bb09b.webp\" class=\"attachment-full size-full wp-image-11738\" alt=\"Park Narodowy Nabq w Sharm El Sheikh z widokiem na pustyni\u0119, namorzyny i Morze Czerwone\" srcset=\"https:\/\/megavoyage.net\/wp-content\/uploads\/2025\/07\/2024-03-24-66000540bb09b.webp 700w, https:\/\/megavoyage.net\/wp-content\/uploads\/2025\/07\/2024-03-24-66000540bb09b-768x585.webp 768w\" sizes=\"(max-width: 700px) 100vw, 700px\" \/>\t\t\t\t\t\t\t\t\t\t\t\t\t\t\t<\/div>\n\t\t\t\t<\/div>\n\t\t\t\t<div class=\"elementor-element elementor-element-649de51d elementor-widget elementor-widget-heading\" data-id=\"649de51d\" data-element_type=\"widget\" data-e-type=\"widget\" data-widget_type=\"heading.default\">\n\t\t\t\t<div class=\"elementor-widget-container\">\n\t\t\t\t\t<h2 class=\"elementor-heading-title elementor-size-default\">Nasza wizja<\/h2>\t\t\t\t<\/div>\n\t\t\t\t<\/div>\n\t\t\t\t<div class=\"elementor-element elementor-element-243e5bdb elementor-widget elementor-widget-text-editor\" data-id=\"243e5bdb\" data-element_type=\"widget\" data-e-type=\"widget\" data-widget_type=\"text-editor.default\">\n\t\t\t\t<div class=\"elementor-widget-container\">\n\t\t\t\t\t\t\t\t\t<p style=\"text-align: center;\" data-start=\"948\" data-end=\"1395\">W Mega Voyage postrzegamy podr\u00f3\u017ce jako co\u015b wi\u0119cej ni\u017c odhaczanie miejsc na li\u015bcie. Nasz\u0105 wizj\u0105 jest sta\u0107 si\u0119 <strong data-start=\"1052\" data-end=\"1098\">Wiod\u0105ca marka w dziedzinie egipskich przyg\u00f3d podr\u00f3\u017cniczych<\/strong>Jeste\u015bmy znani z kreatywno\u015bci, doskona\u0142o\u015bci i szczerego zaanga\u017cowania w do\u015bwiadczenie ka\u017cdego podr\u00f3\u017cnika. Marzymy o inspirowaniu w\u0119drowc\u00f3w z ka\u017cdego zak\u0105tka \u015bwiata do odkrywania Egiptu w najbardziej autentyczny spos\u00f3b - zanurzaj\u0105c si\u0119 w jego kulturze, czuj\u0105c jego puls i wracaj\u0105c do domu z histori\u0105 wart\u0105 opowiedzenia.<\/p><p style=\"text-align: center;\" data-start=\"1397\" data-end=\"1665\">\u0141\u0105cz\u0105c lokalne tradycje, zr\u00f3wnowa\u017con\u0105 turystyk\u0119 i spersonalizowan\u0105 obs\u0142ug\u0119, staramy si\u0119 by\u0107 czym\u015b wi\u0119cej ni\u017c tylko organizatorem wycieczek. <strong data-start=\"1531\" data-end=\"1576\">pomost mi\u0119dzy tob\u0105 a magi\u0105 Egiptu<\/strong>pozostawiaj\u0105c trwa\u0142e wspomnienia i g\u0142\u0119bsz\u0105 wi\u0119\u017a z t\u0105 niezwyk\u0142\u0105 krain\u0105.<\/p>\t\t\t\t\t\t\t\t<\/div>\n\t\t\t\t<\/div>\n\t\t\t\t\t<\/div>\n\t\t<\/div>\n\t\t\t\t<div class=\"elementor-column elementor-col-50 elementor-top-column elementor-element elementor-element-323d6465\" data-id=\"323d6465\" data-element_type=\"column\" data-e-type=\"column\">\n\t\t\t<div class=\"elementor-widget-wrap elementor-element-populated\">\n\t\t\t\t\t\t<div class=\"elementor-element elementor-element-547063be elementor-widget elementor-widget-image\" data-id=\"547063be\" data-element_type=\"widget\" data-e-type=\"widget\" data-widget_type=\"image.default\">\n\t\t\t\t<div class=\"elementor-widget-container\">\n\t\t\t\t\t\t\t\t\t\t\t\t\t\t\t<img decoding=\"async\" width=\"700\" height=\"534\" src=\"https:\/\/megavoyage.net\/wp-content\/uploads\/2025\/07\/uu.jpg\" class=\"attachment-full size-full wp-image-11641\" alt=\"Nurek odkrywaj\u0105cy raf\u0119 koralow\u0105 podczas ca\u0142odniowej wycieczki nurkowej z dwoma nurkowaniami\" srcset=\"https:\/\/megavoyage.net\/wp-content\/uploads\/2025\/07\/uu.jpg 700w, https:\/\/megavoyage.net\/wp-content\/uploads\/2025\/07\/uu-768x585.jpg 768w, https:\/\/megavoyage.net\/wp-content\/uploads\/2025\/07\/uu-600x457.jpg 600w\" sizes=\"(max-width: 700px) 100vw, 700px\" \/>\t\t\t\t\t\t\t\t\t\t\t\t\t\t\t<\/div>\n\t\t\t\t<\/div>\n\t\t\t\t<div class=\"elementor-element elementor-element-26418595 elementor-widget elementor-widget-heading\" data-id=\"26418595\" data-element_type=\"widget\" data-e-type=\"widget\" data-widget_type=\"heading.default\">\n\t\t\t\t<div class=\"elementor-widget-container\">\n\t\t\t\t\t<h2 class=\"elementor-heading-title elementor-size-default\">Nasza misja<\/h2>\t\t\t\t<\/div>\n\t\t\t\t<\/div>\n\t\t\t\t<div class=\"elementor-element elementor-element-482bb22f elementor-widget elementor-widget-text-editor\" data-id=\"482bb22f\" data-element_type=\"widget\" data-e-type=\"widget\" data-widget_type=\"text-editor.default\">\n\t\t\t\t<div class=\"elementor-widget-container\">\n\t\t\t\t\t\t\t\t\t<p data-start=\"1722\" data-end=\"1941\">Ka\u017cdy podr\u00f3\u017cnik jest wyj\u0105tkowy, podobnie jak ka\u017cda podr\u00f3\u017c, kt\u00f3r\u0105 tworzymy. W Mega Voyage nasza misja jest prosta, ale pot\u0119\u017cna: zaprojektowa\u0107 <strong data-start=\"1844\" data-end=\"1883\">Wyj\u0105tkowe przygody szyte na miar\u0119<\/strong> kt\u00f3re prezentuj\u0105 pi\u0119kno, histori\u0119 i ukryte skarby Egiptu.<\/p><p data-start=\"1943\" data-end=\"2195\">Dzi\u0119ki do\u015bwiadczonym lokalnym przewodnikom, kt\u00f3rzy znaj\u0105 ka\u017cdy sekretny szlak, ekskluzywnym trasom stworzonym specjalnie dla Ciebie i zaanga\u017cowaniu w p\u0142ynn\u0105, wysokiej jako\u015bci obs\u0142ug\u0119, nie tylko planujemy wycieczki - tworzymy do\u015bwiadczenia, kt\u00f3re <strong data-start=\"2144\" data-end=\"2192\">zaskoczy\u0107, zachwyci\u0107 i pozosta\u0107 z Tob\u0105 na zawsze<\/strong>.<\/p><p data-start=\"2197\" data-end=\"2341\">Podr\u00f3\u017cuj\u0105c z Mega Voyage, nie jeste\u015b tylko turyst\u0105. Jeste\u015b gaw\u0119dziarzem, marzycielem, poszukiwaczem przyg\u00f3d - a Tw\u00f3j kolejny rozdzia\u0142 zaczyna si\u0119 tutaj.<\/p>\t\t\t\t\t\t\t\t<\/div>\n\t\t\t\t<\/div>\n\t\t\t\t\t<\/div>\n\t\t<\/div>\n\t\t\t\t\t<\/div>\n\t\t<\/section>\n\t\t<div class=\"elementor-element elementor-element-16b6688c e-flex e-con-boxed e-con e-parent\" data-id=\"16b6688c\" data-element_type=\"container\" data-e-type=\"container\">\n\t\t\t\t\t<div class=\"e-con-inner\">\n\t\t\t\t<div class=\"elementor-element elementor-element-5c5c771a elementor-widget__width-inherit elementor-widget elementor-widget-st_testimonial\" data-id=\"5c5c771a\" data-element_type=\"widget\" data-e-type=\"widget\" data-settings=\"{&quot;slides_per_view&quot;:&quot;1&quot;}\" data-widget_type=\"st_testimonial.default\">\n\t\t\t\t<div class=\"elementor-widget-container\">\n\t\t\t\t\t    <div class=\"st-testimonial st-lib st-style-arrow\" data-effect=\"creative\" data-slides-per-view=\"1\" data-pagination=\"off\" data-navigation=\"off\" data-auto-play=\"off\" data-loop=\"false\" data-delay=\"\"  data-responsive=\"{&quot;0&quot;:{&quot;slidesPerView&quot;:1,&quot;spaceBetween&quot;:10},&quot;767&quot;:{&quot;slidesPerView&quot;:2,&quot;spaceBetween&quot;:24},&quot;1024&quot;:{&quot;slidesPerView&quot;:3,&quot;spaceBetween&quot;:24},&quot;1366&quot;:{&quot;slidesPerView&quot;:&quot;1&quot;,&quot;spaceBetween&quot;:24}}\">\r\n\r\n        <div class=\"testimonial-wrapper  swiper-container\">\r\n\r\n            <div class=\"swiper-wrapper\">\r\n\r\n                                    <div class=\"item-testimonial style-lib-slider-3 swiper-slide\">\r\n\r\n                        <div class=\"item\">\r\n                            <div class=\"d-flex-lib\">\r\n\r\n                                <div class=\"st-content-lib service-border-lib st-border-radius-lib\">\r\n                                    \"Egipt by\u0142 jak wej\u015bcie do \u017cywej ksi\u0119gi opowie\u015bci, a Mega Voyage sprawi\u0142a, \u017ce ka\u017cda strona by\u0142a niezapomniana. Od pierwszego spojrzenia na piramidy w Gizie po ponadczasowe pi\u0119kno \u015bwi\u0105ty\u0144 Luksoru, ka\u017cdy szczeg\u00f3\u0142 by\u0142 bezb\u0142\u0119dnie zaplanowany. Nasi przewodnicy nie tylko pokazali nam Egipt - o\u017cywili jego histori\u0119, tworz\u0105c opowie\u015bci, kt\u00f3re sprawi\u0142y, \u017ce ka\u017cda chwila by\u0142a magiczna. Plan podr\u00f3\u017cy zapewnia\u0142 idealn\u0105 r\u00f3wnowag\u0119 mi\u0119dzy ekscytuj\u0105cymi przygodami i spokojnymi ucieczkami nad Morzem Czerwonym. Nie tylko odwiedzili\u015bmy Egipt - my go do\u015bwiadczyli\u015bmy. A dzi\u0119ki Mega Voyage ju\u017c marzymy o kolejnym rozdziale naszej podr\u00f3\u017cy\".                                <\/div>\r\n\r\n                                <div class=\"author-meta-lib\">\r\n                                                                            <div class=\"st-avatar-lib\"><img decoding=\"async\" src=\"https:\/\/megavoyage.net\/wp-content\/uploads\/2024\/11\/redsea-diving.webp\" alt=\" Maria i Giovanni\"><\/div>\r\n                                                                        <h4> Maria i Giovanni<\/h4>\r\n                                    <div class=\"office-testimonial-lib\"><\/div>\r\n\r\n                                <\/div>\r\n\r\n                            <\/div>\r\n\r\n                        <\/div>\r\n\r\n                    <\/div>\r\n                                    <div class=\"item-testimonial style-lib-slider-3 swiper-slide\">\r\n\r\n                        <div class=\"item\">\r\n                            <div class=\"d-flex-lib\">\r\n\r\n                                <div class=\"st-content-lib service-border-lib st-border-radius-lib\">\r\n                                    \"Unosz\u0105c si\u0119 wysoko nad Luksorem w balonie na ogrzane powietrze, obserwuj\u0105c wsch\u00f3d s\u0142o\u0144ca maluj\u0105cy dolin\u0119 Nilu na z\u0142oto - to by\u0142 moment, w kt\u00f3rym nasza egipska podr\u00f3\u017c sta\u0142a si\u0119 czyst\u0105 magi\u0105. Nasza jednodniowa wycieczka do Kairu by\u0142a jak cofni\u0119cie si\u0119 w czasie, w\u0119dr\u00f3wka po skarbach Muzeum Egipskiego i stanie w zachwycie przed wielkimi piramidami. Mega Voyage pomy\u015bla\u0142o o wszystkim, od najmniejszego szczeg\u00f3\u0142u po najwi\u0119ksz\u0105 przygod\u0119, dzi\u0119ki czemu czuli\u015bmy si\u0119 naprawd\u0119 zaopiekowani na ka\u017cdym kroku. To nie by\u0142y tylko wakacje - to by\u0142 niezapomniany rozdzia\u0142 w naszym \u017cyciu, dzi\u0119ki niesamowitemu zespo\u0142owi Mega Voyage\".                                <\/div>\r\n\r\n                                <div class=\"author-meta-lib\">\r\n                                                                            <div class=\"st-avatar-lib\"><img decoding=\"async\" src=\"https:\/\/megavoyage.net\/wp-content\/uploads\/2024\/11\/camelridesafariadventuressharm.webp\" alt=\"Emily \"><\/div>\r\n                                                                        <h4>Emily <\/h4>\r\n                                    <div class=\"office-testimonial-lib\"><\/div>\r\n\r\n                                <\/div>\r\n\r\n                            <\/div>\r\n\r\n                        <\/div>\r\n\r\n                    <\/div>\r\n                                    <div class=\"item-testimonial style-lib-slider-3 swiper-slide\">\r\n\r\n                        <div class=\"item\">\r\n                            <div class=\"d-flex-lib\">\r\n\r\n                                <div class=\"st-content-lib service-border-lib st-border-radius-lib\">\r\n                                    \"Hurghada przywita\u0142a nas nieko\u0144cz\u0105cymi si\u0119 b\u0142\u0119kitnymi wodami i obietnic\u0105 przygody - a Mega Voyage spe\u0142ni\u0142a nasze oczekiwania. Wycieczki snorkelingowe i nurkowe by\u0142y jak wej\u015bcie do innego \u015bwiata, otoczonego t\u0119tni\u0105cymi \u017cyciem rafami koralowymi i ol\u015bniewaj\u0105cym \u017cyciem morskim. Ka\u017cdy szczeg\u00f3\u0142 zosta\u0142 dopracowany z tak\u0105 staranno\u015bci\u0105, \u017ce nigdy nie musieli\u015bmy si\u0119 o nic martwi\u0107. Zesp\u00f3\u0142 Mega Voyage sprawi\u0142, \u017ce poczuli\u015bmy si\u0119 jak w domu, nawet tysi\u0105ce kilometr\u00f3w st\u0105d, zamieniaj\u0105c wakacje w do\u015bwiadczenie, kt\u00f3re b\u0119dziemy ceni\u0107 na zawsze. Ju\u017c marzymy o naszej kolejnej podr\u00f3\u017cy z nimi\".                                <\/div>\r\n\r\n                                <div class=\"author-meta-lib\">\r\n                                                                            <div class=\"st-avatar-lib\"><img decoding=\"async\" src=\"https:\/\/megavoyage.net\/wp-content\/uploads\/2024\/11\/diving-scaled-1.webp\" alt=\"Pierre \"><\/div>\r\n                                                                        <h4>Pierre <\/h4>\r\n                                    <div class=\"office-testimonial-lib\"><\/div>\r\n\r\n                                <\/div>\r\n\r\n                            <\/div>\r\n\r\n                        <\/div>\r\n\r\n                    <\/div>\r\n                                    <div class=\"item-testimonial style-lib-slider-3 swiper-slide\">\r\n\r\n                        <div class=\"item\">\r\n                            <div class=\"d-flex-lib\">\r\n\r\n                                <div class=\"st-content-lib service-border-lib st-border-radius-lib\">\r\n                                    \"Od momentu wyl\u0105dowania w Egipcie, Mega Voyage zmieni\u0142o nasz\u0105 podr\u00f3\u017c w co\u015b naprawd\u0119 wyj\u0105tkowego. Ciep\u0142o i profesjonalizm ich zespo\u0142u nada\u0142y ton niezapomnianej przygodzie. W Luksorze nasz przewodnik o\u017cywi\u0142 histori\u0119, snuj\u0105c barwne opowie\u015bci, gdy w\u0119drowali\u015bmy przez majestatyczne \u015bwi\u0105tynie i staro\u017cytne grobowce. A prywatna wycieczka \u0142odzi\u0105? Idealny dzie\u0144 pod egipskim s\u0142o\u0144cem, w otoczeniu nieko\u0144cz\u0105cych si\u0119 b\u0142\u0119kitnych w\u00f3d i spokoju. Mega Voyage nie tylko spe\u0142ni\u0142o nasze oczekiwania - oni wyszli poza nie, sprawiaj\u0105c, \u017ce Egipt sta\u0142 si\u0119 miejscem, do kt\u00f3rego b\u0119dziemy wraca\u0107 wielokrotnie\".                                <\/div>\r\n\r\n                                <div class=\"author-meta-lib\">\r\n                                                                            <div class=\"st-avatar-lib\"><img decoding=\"async\" src=\"https:\/\/megavoyage.net\/wp-content\/uploads\/2024\/11\/camel-riding.webp\" alt=\"Viktor \"><\/div>\r\n                                                                        <h4>Viktor <\/h4>\r\n                                    <div class=\"office-testimonial-lib\"><\/div>\r\n\r\n                                <\/div>\r\n\r\n                            <\/div>\r\n\r\n                        <\/div>\r\n\r\n                    <\/div>\r\n                \r\n            <\/div>\r\n\r\n        <\/div>\r\n            <\/div>\r\n\t\t\t\t<\/div>\n\t\t\t\t<\/div>\n\t\t\t\t\t<\/div>\n\t\t\t\t<\/div>\n\t\t\t\t<\/div>","protected":false},"excerpt":{"rendered":"<p>About Us Every great journey begins with a dream\u2014a dream to explore, to discover, to feel alive. At Mega Voyage, that dream is at the heart of everything we do. What started as a small team of passionate explorers with a love for Egypt\u2019s breathtaking landscapes has grown into a trusted travel companion for adventurers [&hellip;]<\/p>\n","protected":false},"author":23,"featured_media":11203,"parent":0,"menu_order":0,"comment_status":"closed","ping_status":"closed","template":"template-fullwidth.php","meta":{"footnotes":""},"class_list":["post-8028","page","type-page","status-publish","has-post-thumbnail","hentry"],"_links":{"self":[{"href":"https:\/\/megavoyage.net\/pl\/wp-json\/wp\/v2\/pages\/8028","targetHints":{"allow":["GET"]}}],"collection":[{"href":"https:\/\/megavoyage.net\/pl\/wp-json\/wp\/v2\/pages"}],"about":[{"href":"https:\/\/megavoyage.net\/pl\/wp-json\/wp\/v2\/types\/page"}],"author":[{"embeddable":true,"href":"https:\/\/megavoyage.net\/pl\/wp-json\/wp\/v2\/users\/23"}],"replies":[{"embeddable":true,"href":"https:\/\/megavoyage.net\/pl\/wp-json\/wp\/v2\/comments?post=8028"}],"version-history":[{"count":12,"href":"https:\/\/megavoyage.net\/pl\/wp-json\/wp\/v2\/pages\/8028\/revisions"}],"predecessor-version":[{"id":11844,"href":"https:\/\/megavoyage.net\/pl\/wp-json\/wp\/v2\/pages\/8028\/revisions\/11844"}],"wp:featuredmedia":[{"embeddable":true,"href":"https:\/\/megavoyage.net\/pl\/wp-json\/wp\/v2\/media\/11203"}],"wp:attachment":[{"href":"https:\/\/megavoyage.net\/pl\/wp-json\/wp\/v2\/media?parent=8028"}],"curies":[{"name":"wp","href":"https:\/\/api.w.org\/{rel}","templated":true}]}}